{"id":40,"date":"2018-11-12T11:30:25","date_gmt":"2018-11-12T08:30:25","guid":{"rendered":"http:\/\/td_uid_2_5be93a2134e24"},"modified":"2019-10-17T14:35:11","modified_gmt":"2019-10-17T11:35:11","slug":"anasayfa","status":"publish","type":"page","link":"https:\/\/invidyo.com\/blog\/anasayfa","title":{"rendered":"Anasayfa"},"content":{"rendered":"[vc_row][vc_column width=&#8221;1\/1&#8243;][td_block_trending_now sort=&#8221;random_posts&#8221; limit=&#8221;5&#8243; style=&#8221;&#8221;][\/vc_column][\/vc_row][vc_row full_width=&#8221;stretch_row_1200 td-stretch-content&#8221;][vc_column][td_block_big_grid_flex_5 meta_info_vert=&#8221;content-vert-bottom&#8221; image_zoom=&#8221;yes&#8221; show_author2=&#8221;none&#8221; show_date2=&#8221;none&#8221; modules_category=&#8221;above&#8221; overlay_general=&#8221;eyJ0eXBlIjoiZ3JhZGllbnQiLCJjb2xvcjEiOiJyZ2JhKDAsMCwwLDApIiwiY29sb3IyIjoicmdiYSgwLDAsMCwwLjcpIiwibWl4ZWRDb2xvcnMiOlt7ImNvbG9yIjoicmdiYSgwLDAsMCwwKSIsInBlcmNlbnRhZ2UiOjMxfSx7InBlcmNlbnRhZ2UiOjMzfSx7InBlcmNlbnRhZ2UiOjM2fV0sImNzcyI6ImJhY2tncm91bmQ6IC13ZWJraXQtbGluZWFyLWdyYWRpZW50KDBkZWcscmdiYSgwLDAsMCwwLjcpLHJnYmEoMCwwLDAsMCkgMzElLHJnYmEoMCwwLDAsMCkpO2JhY2tncm91bmQ6IGxpbmVhci1ncmFkaWVudCgwZGVnLHJnYmEoMCwwLDAsMC43KSxyZ2JhKDAsMCwwLDApIDMxJSxyZ2JhKDAsMCwwLDApKTsiLCJjc3NQYXJhbXMiOiIwZGVnLHJnYmEoMCwwLDAsMC43KSxyZ2JhKDAsMCwwLDApIDMxJSxyZ2JhKDAsMCwwLDApIn0=&#8221; image_height2=&#8221;eyJwaG9uZSI6IjE2NXB4IiwicG9ydHJhaXQiOiIxNzZweCIsImxhbmRzY2FwZSI6IjIzNHB4In0=&#8221; modules_gap=&#8221;eyJwaG9uZSI6IjMifQ==&#8221; meta_padding2=&#8221;eyJwaG9uZSI6IjE2cHggMTVweCAxMXB4IiwicG9ydHJhaXQiOiIxOXB4IDE4cHggMTRweCJ9&#8243; meta_padding1=&#8221;eyJwaG9uZSI6IjE1cHggMThweCIsInBvcnRyYWl0IjoiMjJweCAyMHB4In0=&#8221; cat_bg_hover=&#8221;#4db2ec&#8221; review_stars=&#8221;#fff&#8221; modules_category_margin2=&#8221;eyJwb3J0cmFpdCI6IjBweCAwcHggNHB4IDBweCJ9&#8243; modules_category_margin1=&#8221;eyJwb3J0cmFpdCI6IjBweCAwcHggN3B4IDBweCJ9&#8243; art_title1=&#8221;eyJwb3J0cmFpdCI6IjBweCAwcHggNnB4IDBweCJ9&#8243; show_author3=&#8221;none&#8221; show_date3=&#8221;none&#8221; image_size=&#8221;&#8221; image_size2=&#8221;&#8221; image_size3=&#8221;td_324x400&#8243; image_width1=&#8221;eyJwaG9uZSI6IjEwMCJ9&#8243; image_height1=&#8221;eyJwaG9uZSI6IjI2MHB4IiwibGFuZHNjYXBlIjoiNDE0cHgiLCJwb3J0cmFpdCI6IjMxMnB4In0=&#8221; image_width2=&#8221;eyJwaG9uZSI6IjgwIn0=&#8221; image_width3=&#8221;eyJwaG9uZSI6IjgwIn0=&#8221; image_height3=&#8221;eyJwaG9uZSI6IjE2NXB4IiwibGFuZHNjYXBlIjoiMTc2cHgiLCJwb3J0cmFpdCI6IjEzMnB4In0=&#8221; overlay_h_general=&#8221;&#8221; overlay_1=&#8221;&#8221; overlay_2=&#8221;&#8221; overlay_3=&#8221;&#8221; overlay_4=&#8221;&#8221; lightsky=&#8221;&#8221; f_title1_font_family=&#8221;653&#8243; f_title2_font_family=&#8221;653&#8243; f_title3_font_family=&#8221;653&#8243; f_title1_font_size=&#8221;eyJhbGwiOiIyNCIsInBvcnRyYWl0IjoiMjIifQ==&#8221; f_title1_font_line_height=&#8221;1.2&#8243; f_title2_font_size=&#8221;eyJhbGwiOiIyMCIsInBvcnRyYWl0IjoiMTYiLCJwaG9uZSI6IjE0In0=&#8221; f_title2_font_line_height=&#8221;1.2&#8243; f_title3_font_size=&#8221;eyJhbGwiOiIxNSIsInBvcnRyYWl0IjoiMTMifQ==&#8221; f_title3_font_line_height=&#8221;1.3&#8243; tdc_css=&#8221;eyJhbGwiOnsibWFyZ2luLWJvdHRvbSI6IjI1IiwiZGlzcGxheSI6IiJ9fQ==&#8221; sort=&#8221;popular&#8221;][\/vc_column][\/vc_row][vc_row el_class=&#8221;td-ss-row&#8221; tdc_css=&#8221;eyJhbGwiOnsicGFkZGluZy10b3AiOiItIiwicGFkZGluZy1ib3R0b20iOiItIiwiYm9yZGVyLXN0eWxlIjoibm9uZSIsImRpc3BsYXkiOiIifSwibGFuZHNjYXBlIjp7ImJvcmRlci1zdHlsZSI6InNvbGlkIiwiZGlzcGxheSI6IiJ9LCJsYW5kc2NhcGVfbWF4X3dpZHRoIjoxMTQwLCJsYW5kc2NhcGVfbWluX3dpZHRoIjoxMDE5fQ==&#8221;][vc_column width=&#8221;2\/3&#8243;][td_block_1 category_id=&#8221;&#8221; limit=&#8221;5&#8243; header_color=&#8221;#f44336&#8243; td_ajax_filter_type=&#8221;td_tag_slug_filter&#8221; td_ajax_filter_ids=&#8221;&#8221; td_filter_default_txt=&#8221;T\u00fcm\u00fc&#8221; ajax_pagination=&#8221;&#8221; sort=&#8221;random_posts&#8221; td_ajax_preloading=&#8221;&#8221; m4f_meta_font_style=&#8221;&#8221; m4f_meta_font_weight=&#8221;&#8221; m4f_meta_font_transform=&#8221;&#8221; m4f_ex_font_style=&#8221;&#8221; m4f_ex_font_weight=&#8221;&#8221; tdc_css=&#8221;eyJhbGwiOnsibWFyZ2luLWxlZnQiOiItIiwiZGlzcGxheSI6IiJ9LCJsYW5kc2NhcGUiOnsiZGlzcGxheSI6IiJ9LCJsYW5kc2NhcGVfbWF4X3dpZHRoIjoxMTQwLCJsYW5kc2NhcGVfbWluX3dpZHRoIjoxMDE5fQ==&#8221; custom_title=&#8221;BEBEK &amp; ANNE&#8221;][td_block_11 custom_title=&#8221;En \u00c7ok Okunanlar&#8221; td_filter_default_txt=&#8221;All&#8221; category_id=&#8221;&#8221; sort=&#8221;random_posts&#8221; block_template_id=&#8221;td_block_template_4&#8243; border_color=&#8221;#0a0606&#8243; header_color=&#8221;#0a0000&#8243; tag_slug=&#8221;En \u00c7ok&#8221; limit=&#8221;3&#8243; tdc_css=&#8221;eyJsYW5kc2NhcGUiOnsiZGlzcGxheSI6IiJ9LCJsYW5kc2NhcGVfbWF4X3dpZHRoIjoxMTQwLCJsYW5kc2NhcGVfbWluX3dpZHRoIjoxMDE5fQ==&#8221; m10_el=&#8221;12&#8243;][tdm_block_testimonial image=&#8221;2509&#8243; name=&#8221;Asl\u0131 Ayg\u00fcney&#8221; media_size_image_height=&#8221;1024&#8243; media_size_image_width=&#8221;768&#8243; image_size=&#8221;140&#8243; description=&#8221;JTIyQmViZWslMjB2ZSUyMGJhayVDNCVCMWMlQzQlQjElMjBrYW1lcmFsYXIlQzQlQjElMjBhcmFzJUM0JUIxbmRhJTIwJUM1JTlGdSUyMGFuYSUyMGthZGFyJTIwYmlyJTIwdGVrJTIwaSVDNSU5RmltaXplJTIweWFyYXlhbiUyMCVDNCVCMG52aWR5byUyMGJlYmVrJTIwa2FtZXJhcyVDNCVCMSUyMG9sZHUuJTIwS2FtZXJhJTIwa3VydWx1bXUlMjBrb2xheSUyQyUyMG1vYmlsJTIwdXlndWxhbWFzJUM0JUIxJTIwaXlpJTIwJUMzJUE3YWwlQzQlQjElQzUlOUYlQzQlQjF5b3IuJTIwQSVDNCU5RmxhbWElMjB0ZXNwaXRpJTJDJTIwdXp1biUyMHMlQzMlQkNyZWxpJTIwa2F5JUM0JUIxdCUyQyUyMGclQzMlQkNuJTIwc29udSUyMCVDMyVCNnpldGxlcmklMjBzYXllc2luZGUlMjBldmRlJTIwb2xtYWQlQzQlQjElQzQlOUYlQzQlQjFtJUM0JUIxeiUyMHphbWFubGFyZGElMjBiZWJlJUM0JTlGaW1pemluJTIwdmUlMjBiYWslQzQlQjFjJUM0JUIxbiVDNCVCMW4lMjBuZSUyMHlhcHQlQzQlQjElQzQlOUYlQzQlQjFuJUM0JUIxJTIwYmlsaXlvcnV6LiUyMCVDNCVCMHpsZXllbWVkaSVDNCU5RmltaXolMjBkdXJ1bWxhcmRhJTJDJTIwdXp1biUyMHMlQzMlQkNyZWxpJTIwa2F5JUM0JUIxdCUyMCVDMyVCQ3plcmluZGVuJTIwc2FkZWNlJTIwYSVDNCU5RmxhbWElMjBhbmxhciVDNCVCMW4lQzQlQjElMjBpemxlbWVrJTIwZ2VyJUMzJUE3ZWt0ZW4lMjAlQzMlQTdvayUyMGt1bGxhbiVDNCVCMSVDNSU5RmwlQzQlQjElMjBiaXIlMjAlQzMlQjZ6ZWxsaWsuJTIwQmViZSVDNCU5RmluaSUyMDUlMjBkay4lMjBiaWxlJTIwb2xzYSUyMGJhayVDNCVCMWMlQzQlQjF5bGElMjB5YWxuJUM0JUIxeiUyMGIlQzQlQjFyYWttYWslMjB6b3J1bmRhJTIwa2FsYW4lMjB0JUMzJUJDbSUyMGFubmVsZXJlJTIwdmUlMjBlYmV2ZXlubGVyZSUyMHRhdnNpeWUlMjBlZGl5b3J1bS4lMjI=&#8221; job_title=&#8221;Ilgaz&#x27;\u0131n Annesi, Pazarlama Direkt\u00f6r\u00fc C2M Teknoljileri A.\u015e.&#8221; image_space=&#8221;15&#8243; content_align_horizontal=&#8221;content-horiz-left&#8221; tds_testimonial=&#8221;tds_testimonial3&#8243; tds_testimonial3-desc_radius=&#8221;0%&#8221; tds_testimonial3-arrow_size=&#8221;15&#8243; tds_testimonial3-arrow_pos=&#8221;14&#8243; tds_testimonial3-description_color=&#8221;#ffffff&#8221; tds_testimonial3-background_color=&#8221;#0ca1b2&#8243; tds_testimonial3-f_descr_font_size=&#8221;16&#8243; tds_testimonial3-title_color=&#8221;#6b6b6b&#8221; tdc_css=&#8221;eyJhbGwiOnsibWFyZ2luLWJvdHRvbSI6Ii0iLCJib3JkZXItYm90dG9tLXdpZHRoIjoiLSIsImJvcmRlci1zdHlsZSI6Im5vbmUiLCJib3JkZXItcmFkaXVzIjoiMCIsInNoYWRvdy1zaXplIjoiNTAiLCJkaXNwbGF5IjoiIn0sImxhbmRzY2FwZSI6eyJib3JkZXItYm90dG9tLXdpZHRoIjoiLSIsInBhZGRpbmctYm90dG9tIjoiLSIsImJvcmRlci1zdHlsZSI6Im5vbmUiLCJib3JkZXItY29sb3IiOiIjZmZmZmZmIiwic2hhZG93LXNpemUiOiI3NSIsInNoYWRvdy1jb2xvciI6IiNkZGRkZGQiLCJkaXNwbGF5IjoiIn0sImxhbmRzY2FwZV9tYXhfd2lkdGgiOjExNDAsImxhbmRzY2FwZV9taW5fd2lkdGgiOjEwMTl9&#8243; image_border_radius=&#8221;eyJsYW5kc2NhcGUiOiIxMiJ9&#8243;][\/vc_column][vc_column width=&#8221;1\/3&#8243;][tdb_search_form btn_text=&#8221;Ara&#8221; message=&#8221;QXJhbWElMjBzb251JUMzJUE3bGFyJUM0JUIxJTIwc2l6aSUyMHRhdG1pbiUyMGV0bWVkaXlzZSUyMGwlQzMlQkN0ZmVuJTIwa2VsaW1lbGVyaW5pemklMjBkZSVDNCU5RmklQzUlOUZ0aXJlcmVrJTIwYXJhbWElMjB5YXAlQzQlQjFuLg==&#8221;][tdn_block_newsletter_subscribe title_text=&#8221;\u00dcCRETS\u0130Z \u0130nvidyo Bebek&amp;Ebeveyn Ara\u015ft\u0131rmalar\u0131 E-postan\u0131zda&#8221; description=&#8221;VXptYW4lMjBwZWRpYXRyaXN0JTJDJTIwcHNpa2l5YXRyaXN0bGVyJTIwZSVDNSU5RmxpJUM0JTlGaW5kZSUyMGhheiVDNCVCMXJsYW5hbiUyMGclQzMlQkNubCVDMyVCQ2slMjBtYWthbGVsZXJpbiUyMCVDMyVCQ2NyZXRzaXolMjBlLW1haWwlMjBhZHJlc2luaXplJTIwZyVDMyVCNm5kZXJpbG1lc2klMjBpJUMzJUE3aW4lMjBiaWxnaWxlcmluaXppJTIwZ2lyaW4u&#8221; tds_newsletter2-image=&#8221;891&#8243; tds_newsletter2-image_bg_color=&#8221;#c3ecff&#8221; tds_newsletter3-input_bar_display=&#8221;row&#8221; tds_newsletter4-image=&#8221;890&#8243; tds_newsletter4-image_bg_color=&#8221;#fffbcf&#8221; tds_newsletter4-btn_bg_color=&#8221;#f3b700&#8243; tds_newsletter4-check_accent=&#8221;#f3b700&#8243; tds_newsletter5-tdicon=&#8221;tdc-font-fa tdc-font-fa-envelope-o&#8221; tds_newsletter5-btn_bg_color=&#8221;#000000&#8243; tds_newsletter5-btn_bg_color_hover=&#8221;#4db2ec&#8221; tds_newsletter5-check_accent=&#8221;#000000&#8243; tds_newsletter6-input_bar_display=&#8221;row&#8221; tds_newsletter6-btn_bg_color=&#8221;#da1414&#8243; tds_newsletter6-check_accent=&#8221;#da1414&#8243; tds_newsletter7-image=&#8221;891&#8243; tds_newsletter7-btn_bg_color=&#8221;#1c69ad&#8221; tds_newsletter7-check_accent=&#8221;#1c69ad&#8221; tds_newsletter7-f_title_font_size=&#8221;20&#8243; tds_newsletter7-f_title_font_line_height=&#8221;28px&#8221; tds_newsletter8-input_bar_display=&#8221;row&#8221; tds_newsletter8-btn_bg_color=&#8221;#00649e&#8221; tds_newsletter8-btn_bg_color_hover=&#8221;#21709e&#8221; tds_newsletter8-check_accent=&#8221;#00649e&#8221; embedded_form_type=&#8221;mailchimp&#8221; embedded_form_code=&#8221;JTNDIS0tJTIwQmVnaW4lMjBNYWlsY2hpbXAlMjBTaWdudXAlMjBGb3JtJTIwLS0lM0UlMEElM0NsaW5rJTIwaHJlZiUzRCUyMiUyRiUyRmNkbi1pbWFnZXMubWFpbGNoaW1wLmNvbSUyRmVtYmVkY29kZSUyRmNsYXNzaWMtMTBfNy5jc3MlMjIlMjByZWwlM0QlMjJzdHlsZXNoZWV0JTIyJTIwdHlwZSUzRCUyMnRleHQlMkZjc3MlMjIlM0UlMEElM0NzdHlsZSUyMHR5cGUlM0QlMjJ0ZXh0JTJGY3NzJTIyJTNFJTBBJTA5JTIzbWNfZW1iZWRfc2lnbnVwJTdCYmFja2dyb3VuZCUzQSUyM2ZmZiUzQiUyMGNsZWFyJTNBbGVmdCUzQiUyMGZvbnQlM0ExNHB4JTIwSGVsdmV0aWNhJTJDQXJpYWwlMkNzYW5zLXNlcmlmJTNCJTIwJTdEJTBBJTA5JTJGKiUyMEFkZCUyMHlvdXIlMjBvd24lMjBNYWlsY2hpbXAlMjBmb3JtJTIwc3R5bGUlMjBvdmVycmlkZXMlMjBpbiUyMHlvdXIlMjBzaXRlJTIwc3R5bGVzaGVldCUyMG9yJTIwaW4lMjB0aGlzJTIwc3R5bGUlMjBibG9jay4lMEElMDklMjAlMjAlMjBXZSUyMHJlY29tbWVuZCUyMG1vdmluZyUyMHRoaXMlMjBibG9jayUyMGFuZCUyMHRoZSUyMHByZWNlZGluZyUyMENTUyUyMGxpbmslMjB0byUyMHRoZSUyMEhFQUQlMjBvZiUyMHlvdXIlMjBIVE1MJTIwZmlsZS4lMjAqJTJGJTBBJTNDJTJGc3R5bGUlM0UlMEElM0NkaXYlMjBpZCUzRCUyMm1jX2VtYmVkX3NpZ251cCUyMiUzRSUwQSUzQ2Zvcm0lMjBhY3Rpb24lM0QlMjJodHRwcyUzQSUyRiUyRmludmlkeW8udXM5Lmxpc3QtbWFuYWdlLmNvbSUyRnN1YnNjcmliZSUyRnBvc3QlM0Z1JTNENDcxMzY2MzE5ZDE2MTU2NGNjNDE2MzRjYyUyNmFtcCUzQmlkJTNENWM4ZWI3N2Y2YiUyMiUyMG1ldGhvZCUzRCUyMnBvc3QlMjIlMjBpZCUzRCUyMm1jLWVtYmVkZGVkLXN1YnNjcmliZS1mb3JtJTIyJTIwbmFtZSUzRCUyMm1jLWVtYmVkZGVkLXN1YnNjcmliZS1mb3JtJTIyJTIwY2xhc3MlM0QlMjJ2YWxpZGF0ZSUyMiUyMHRhcmdldCUzRCUyMl9ibGFuayUyMiUyMG5vdmFsaWRhdGUlM0UlMEElMjAlMjAlMjAlMjAlM0NkaXYlMjBpZCUzRCUyMm1jX2VtYmVkX3NpZ251cF9zY3JvbGwlMjIlM0UlMEElMDklM0NoMiUzRVN1YnNjcmliZSUyMHRvJTIwb3VyJTIwbWFpbGluZyUyMGxpc3QlM0MlMkZoMiUzRSUwQSUzQ2RpdiUyMGNsYXNzJTNEJTIyaW5kaWNhdGVzLXJlcXVpcmVkJTIyJTNFJTNDc3BhbiUyMGNsYXNzJTNEJTIyYXN0ZXJpc2slMjIlM0UqJTNDJTJGc3BhbiUzRSUyMGluZGljYXRlcyUyMHJlcXVpcmVkJTNDJTJGZGl2JTNFJTBBJTNDZGl2JTIwY2xhc3MlM0QlMjJtYy1maWVsZC1ncm91cCUyMiUzRSUwQSUwOSUzQ2xhYmVsJTIwZm9yJTNEJTIybWNlLUVNQUlMJTIyJTNFRW1haWwlMjBBZGRyZXNzJTIwJTIwJTNDc3BhbiUyMGNsYXNzJTNEJTIyYXN0ZXJpc2slMjIlM0UqJTNDJTJGc3BhbiUzRSUwQSUzQyUyRmxhYmVsJTNFJTBBJTA5JTNDaW5wdXQlMjB0eXBlJTNEJTIyZW1haWwlMjIlMjB2YWx1ZSUzRCUyMiUyMiUyMG5hbWUlM0QlMjJFTUFJTCUyMiUyMGNsYXNzJTNEJTIycmVxdWlyZWQlMjBlbWFpbCUyMiUyMGlkJTNEJTIybWNlLUVNQUlMJTIyJTNFJTBBJTNDJTJGZGl2JTNFJTBBJTNDZGl2JTIwY2xhc3MlM0QlMjJtYy1maWVsZC1ncm91cCUyMiUzRSUwQSUwOSUzQ2xhYmVsJTIwZm9yJTNEJTIybWNlLUZOQU1FJTIyJTNFRmlyc3QlMjBOYW1lJTIwJTNDJTJGbGFiZWwlM0UlMEElMDklM0NpbnB1dCUyMHR5cGUlM0QlMjJ0ZXh0JTIyJTIwdmFsdWUlM0QlMjIlMjIlMjBuYW1lJTNEJTIyRk5BTUUlMjIlMjBjbGFzcyUzRCUyMiUyMiUyMGlkJTNEJTIybWNlLUZOQU1FJTIyJTNFJTBBJTNDJTJGZGl2JTNFJTBBJTNDZGl2JTIwY2xhc3MlM0QlMjJtYy1maWVsZC1ncm91cCUyMiUzRSUwQSUwOSUzQ2xhYmVsJTIwZm9yJTNEJTIybWNlLUxOQU1FJTIyJTNFTGFzdCUyME5hbWUlMjAlM0MlMkZsYWJlbCUzRSUwQSUwOSUzQ2lucHV0JTIwdHlwZSUzRCUyMnRleHQlMjIlMjB2YWx1ZSUzRCUyMiUyMiUyMG5hbWUlM0QlMjJMTkFNRSUyMiUyMGNsYXNzJTNEJTIyJTIyJTIwaWQlM0QlMjJtY2UtTE5BTUUlMjIlM0UlMEElM0MlMkZkaXYlM0UlMEElMDklM0NkaXYlMjBpZCUzRCUyMm1jZS1yZXNwb25zZXMlMjIlMjBjbGFzcyUzRCUyMmNsZWFyJTIyJTNFJTBBJTA5JTA5JTNDZGl2JTIwY2xhc3MlM0QlMjJyZXNwb25zZSUyMiUyMGlkJTNEJTIybWNlLWVycm9yLXJlc3BvbnNlJTIyJTIwc3R5bGUlM0QlMjJkaXNwbGF5JTNBbm9uZSUyMiUzRSUzQyUyRmRpdiUzRSUwQSUwOSUwOSUzQ2RpdiUyMGNsYXNzJTNEJTIycmVzcG9uc2UlMjIlMjBpZCUzRCUyMm1jZS1zdWNjZXNzLXJlc3BvbnNlJTIyJTIwc3R5bGUlM0QlMjJkaXNwbGF5JTNBbm9uZSUyMiUzRSUzQyUyRmRpdiUzRSUwQSUwOSUzQyUyRmRpdiUzRSUyMCUyMCUyMCUyMCUzQyEtLSUyMHJlYWwlMjBwZW9wbGUlMjBzaG91bGQlMjBub3QlMjBmaWxsJTIwdGhpcyUyMGluJTIwYW5kJTIwZXhwZWN0JTIwZ29vZCUyMHRoaW5ncyUyMC0lMjBkbyUyMG5vdCUyMHJlbW92ZSUyMHRoaXMlMjBvciUyMHJpc2slMjBmb3JtJTIwYm90JTIwc2lnbnVwcy0tJTNFJTBBJTIwJTIwJTIwJTIwJTNDZGl2JTIwc3R5bGUlM0QlMjJwb3NpdGlvbiUzQSUyMGFic29sdXRlJTNCJTIwbGVmdCUzQSUyMC01MDAwcHglM0IlMjIlMjBhcmlhLWhpZGRlbiUzRCUyMnRydWUlMjIlM0UlM0NpbnB1dCUyMHR5cGUlM0QlMjJ0ZXh0JTIyJTIwbmFtZSUzRCUyMmJfNDcxMzY2MzE5ZDE2MTU2NGNjNDE2MzRjY181YzhlYjc3ZjZiJTIyJTIwdGFiaW5kZXglM0QlMjItMSUyMiUyMHZhbHVlJTNEJTIyJTIyJTNFJTNDJTJGZGl2JTNFJTBBJTIwJTIwJTIwJTIwJTNDZGl2JTIwY2xhc3MlM0QlMjJjbGVhciUyMiUzRSUzQ2lucHV0JTIwdHlwZSUzRCUyMnN1Ym1pdCUyMiUyMHZhbHVlJTNEJTIyU3Vic2NyaWJlJTIyJTIwbmFtZSUzRCUyMnN1YnNjcmliZSUyMiUyMGlkJTNEJTIybWMtZW1iZWRkZWQtc3Vic2NyaWJlJTIyJTIwY2xhc3MlM0QlMjJidXR0b24lMjIlM0UlM0MlMkZkaXYlM0UlMEElMjAlMjAlMjAlMjAlM0MlMkZkaXYlM0UlMEElM0MlMkZmb3JtJTNFJTBBJTNDJTJGZGl2JTNFJTBBJTNDc2NyaXB0JTIwdHlwZSUzRCd0ZXh0JTJGamF2YXNjcmlwdCclMjBzcmMlM0QnJTJGJTJGczMuYW1hem9uYXdzLmNvbSUyRmRvd25sb2Fkcy5tYWlsY2hpbXAuY29tJTJGanMlMkZtYy12YWxpZGF0ZS5qcyclM0UlM0MlMkZzY3JpcHQlM0UlM0NzY3JpcHQlMjB0eXBlJTNEJ3RleHQlMkZqYXZhc2NyaXB0JyUzRShmdW5jdGlvbiglMjQpJTIwJTdCd2luZG93LmZuYW1lcyUyMCUzRCUyMG5ldyUyMEFycmF5KCklM0IlMjB3aW5kb3cuZnR5cGVzJTIwJTNEJTIwbmV3JTIwQXJyYXkoKSUzQmZuYW1lcyU1QjAlNUQlM0QnRU1BSUwnJTNCZnR5cGVzJTVCMCU1RCUzRCdlbWFpbCclM0JmbmFtZXMlNUIxJTVEJTNEJ0ZOQU1FJyUzQmZ0eXBlcyU1QjElNUQlM0QndGV4dCclM0JmbmFtZXMlNUIyJTVEJTNEJ0xOQU1FJyUzQmZ0eXBlcyU1QjIlNUQlM0QndGV4dCclM0JmbmFtZXMlNUIzJTVEJTNEJ0FERFJFU1MnJTNCZnR5cGVzJTVCMyU1RCUzRCdhZGRyZXNzJyUzQmZuYW1lcyU1QjQlNUQlM0QnUEhPTkUnJTNCZnR5cGVzJTVCNCU1RCUzRCdwaG9uZSclM0IlN0QoalF1ZXJ5KSklM0J2YXIlMjAlMjRtY2olMjAlM0QlMjBqUXVlcnkubm9Db25mbGljdCh0cnVlKSUzQiUzQyUyRnNjcmlwdCUzRSUwQSUzQyEtLUVuZCUyMG1jX2VtYmVkX3NpZ251cC0tJTNF&#8221; input_placeholder=&#8221;E-mail adresinizi buraya girin&#8221; btn_text=&#8221;\u015eimdi KAYIT OL&#8221; content_align_horizontal=&#8221;content-horiz-center&#8221; tds_newsletter1-input_bg_color=&#8221;#dd3333&#8243; tdc_css=&#8221;eyJhbGwiOnsibWFyZ2luLWJvdHRvbSI6IjMwIiwiYmFja2dyb3VuZC1jb2xvciI6IiNmZmRiZjkiLCJjb250ZW50LWgtYWxpZ24iOiJjb250ZW50LWhvcml6LWNlbnRlciIsImRpc3BsYXkiOiIifSwicGhvbmUiOnsiZGlzcGxheSI6IiJ9LCJwaG9uZV9tYXhfd2lkdGgiOjc2N30=&#8221; tds_newsletter=&#8221;tds_newsletter2&#8243; media_size_image_height=&#8221;360&#8243; media_size_image_width=&#8221;500&#8243; tds_newsletter2-f_title_font_style=&#8221;&#8221; tds_newsletter2-f_title_font_weight=&#8221;100&#8243; tds_newsletter2-f_descr_font_weight=&#8221;100&#8243; tds_newsletter2-btn_bg_color_hover=&#8221;#ed7653&#8243; tds_newsletter2-description_color=&#8221;rgba(10,6,6,0.71)&#8221; tds_newsletter2-f_title_font_family=&#8221;&#8221; disclaimer=&#8221;*\u0130nvidyo PRO aboneleri \u00f6zel i\u00e7erikleri hari\u00e7tir&#8221;][tdm_block_testimonial image=&#8221;705&#8243; name=&#8221;\u00c7ocuk Geli\u015fim Merkezi&#8221; job_title=&#8221;Harvard \u00dcniversitesi&#8221; description=&#8221;R2VuaSVDNSU5RiUyMGJpeW9sb2ppayUyMHZlJTIwZ2VsaSVDNSU5Rmltc2VsJTIwYXJhJUM1JTlGdCVDNCVCMXJtYSUyMHNvbnUlQzMlQTdsYXIlQzQlQjElMjBiZWJlJUM0JTlGZSUyMGthciVDNSU5RiVDNCVCMSUyMGlsZ2klMjBpaG1hbGluaW4lRTIlODAlOTRkZXZhbWwlQzQlQjElMjBpbGdpJTIwa2VzaWxtZXNpJTIwdmV5YSUyMGViZXZleW4lMkZiYWslQzQlQjFjJUM0JUIxbiVDNCVCMW4lMjBiZWJlayUyMGlsZ2klMjBpc3RlZGklQzQlOUZpJTIwYW5kYSUyMGJlYmUlQzQlOUZlJTIwY2V2YXAlMjB2ZXJtZW1lJTJDJTIwaWxnaSUyMGclQzMlQjZzdGVybWVtZSUyMGR1cnVtdW51biVFMiU4MCU5NGslQzMlQkMlQzMlQTclQzMlQkNrJTIwYmViZWslMjB2ZSUyMCVDMyVBN29jdWtsYXIlQzQlQjFuJTIwZ2VsaSVDNSU5RmltaW5kZSUyMGZpemlrc2VsJTIwJUM1JTlGaWRkZXR0ZW4lMjBiaWxlJTIwdXp1biUyMHMlQzMlQkNyZW4lMjB6YXJhcmElMjBzZWJlcCUyMG9sZHUlQzQlOUZ1bnUlMjBnJUMzJUI2c3Rlcm1la3RlZGlyLiUyMEJ1JTIwJUMzJUE3b2N1a2xhcmRhJTIwaWxlcmxleWVuJTIwZCVDMyVCNm5lbWRlJTIwYmlsaSVDNSU5RnNlbCUyMGdlY2lrbWVsZXIlMkMlMjBpJUM1JTlGbGV2c2VsJTIwZWtzaWtsaWtsZXIlMjB2ZSUyMHN0cmVzZSUyMHRlcGtpJTIwdmVybWVzaW5kZSUyMGR1cmFrc2FtYSUyMHJhaGF0cyVDNCVCMXpsJUM0JUIxa2xhciVDNCVCMSUyMG9ydGF5YSUyMCVDMyVBNyVDNCVCMWttYWt0YWQlQzQlQjFyLg==&#8221; name_tag=&#8221;h1&#8243; media_size_image_height=&#8221;215&#8243; media_size_image_width=&#8221;235&#8243; content_align_horizontal=&#8221;content-horiz-left&#8221; tds_testimonial=&#8221;tds_testimonial1&#8243; tds_testimonial1-title_color=&#8221;#333333&#8243; tds_testimonial1-name_color=&#8221;#3d3d3d&#8221; tds_testimonial1-quote_color=&#8221;#474747&#8243; tds_testimonial1-description_color=&#8221;#424242&#8243;][td_block_ad_box spot_id=&#8221;sidebar&#8221; spot_title=&#8221;- Advertisement -&#8220;][td_block_social_counter custom_title=&#8221;TAK\u0130P ET, YEN\u0130 YAZILARI VE \u00d6ZEL KAMPANYALARI KA\u00c7IRMA&#8221; facebook=&#8221;invidyo&#8221; twitter=&#8221;invidyo&#8221; style=&#8221;style4 td-social-colored&#8221; instagram=&#8221;invidyobebekkamerasi&#8221; open_in_new_window=&#8221;y&#8221;][\/vc_column][\/vc_row][vc_row full_width=&#8221;stretch_row_1200 td-stretch-content&#8221;][vc_column][tdm_block_fancy_text_image image=&#8221;744&#8243; tds_button=&#8221;tds_button6&#8243; button_size=&#8221;tdm-btn-lg&#8221; title_tag=&#8221;h3&#8243; description=&#8221;JTIyWWFwYXklMjBaZWthJTIyJTIwdGVrbm9sb2ppc2luaSUyMGJlYmVrJTIwa2FtZXJhcyVDNCVCMSUyMGlsZSUyMGJpcmxlJUM1JTlGdGlybWklQzUlOUYlMjB0ZWslMjBtYXJrYSUyMG9sYW4lMjAlQzQlQjBudmlkeW8lMjBUJUMzJUJDcmtpeWUnZGUuJTIwRCVDMyVCQ255YW4lQzQlQjFuJTIwZW4lMjBnZWxpJUM1JTlGbWklQzUlOUYlMjB2ZSUyMCVDMyVCNmQlQzMlQkNsbCVDMyVCQyUyMGJlYmVrJTIwa2FtZXJhcyVDNCVCMSUyMG9sbWFzJUM0JUIxbiVDNCVCMW4lMjB5YW4lQzQlQjElMjBzJUM0JUIxcmElMkMlMjBiYSVDNSU5RmthJTIwaGklQzMlQTclMjBiaXIlMjBrYW1lcmFkYSUyMGJ1bHVubWF5YW4lMjAlQzQlQjBudmlkeW8neWElMjAlQzMlQjZ6ZWwlMjBhJUM0JTlGbGFtYSUyMHRlc3BpdGklRjAlOUYlOTglQUQlMkMlMjB5YWJhbmMlQzQlQjElMjBhbGFybSVDNCVCMSVGMCU5RiU5NSVCNCVFRiVCOCU4RiVFMiU5QSVBMCVFRiVCOCU4RiVGMCU5RiU5MyVCMyUyMHZlJTIwYmViZWslMjBnJUMzJUJDbCVDMyVCQ21zZW1lJTIwYnVsbWElRjAlOUYlOTElQjYlMkMlMjBrYXlkZXRtZSUyMGdpYmklMjBiaXIlMjAlQzMlQTdvayUyMGZhcmtsJUM0JUIxJTIwJUMzJUI2emVsbGklQzQlOUZlJTIwc2FoaXAuJTIwQmViZSVDNCU5RmluaXppbiUyMHlldGVybGklMjBpbGdpJTIwdmUlMjBnJUMzJUJDdmVubGklQzQlOUZlJTIwc2FoaXAlMjBvbGR1JUM0JTlGdW5kYW4lMjBlbWluJTIwb2xtYWslMjBpJUMzJUE3aW4lMjBlbiUyMGdlbGklQzUlOUZtaSVDNSU5RiUyMHRla25vbG9qaXllJTIwJUM1JTlGaW1kaSUyMCVDMyVCNnplbCUyMGluZGlyaW1sZSUyMHNhaGlwJTIwb2x1biElRjAlOUYlOUIlOEQlRUYlQjglOEYlRjAlOUYlOEUlODElMjAlMjAlMjA=&#8221; media_size_image_height=&#8221;1300&#8243; media_size_image_width=&#8221;1600&#8243; title1=&#8221;\u0130nvidyo Bebek&#8221; title2=&#8221;Kameras\u0131&#8221; button_text=&#8221;Hemen sat\u0131n al, f\u0131rsat\u0131 ka\u00e7\u0131rma!&#x23f3;&#x1f446;&#8221; button_url=&#8221;https:\/\/invidyo.com\/vms\/shop.htm?lang=tr&#8221; tds_button3-text_color=&#8221;#ef7a37&#8243; tds_button6-border_color=&#8221;#ef7934&#8243; tds_button6-text_color=&#8221;#ef7934&#8243; tds_button6-shadow_color=&#8221;#ffffff&#8221; tds_button6-border_radius=&#8221;0&#8243; text2_color=&#8221;#f23a15&#8243;][\/vc_column][\/vc_row][vc_row full_width=&#8221;stretch_row_1200 td-stretch-content&#8221;][vc_column][tdm_block_food_menu title_tag=&#8221;h3&#8243; image=&#8221;748&#8243; description=&#8221;QmViZWslMjBlbXppcm1layUyMGthZCVDNCVCMW4lMjB2JUMzJUJDY3VkdW51JTIwdmUlMjBzYSVDNCU5RmwlQzQlQjElQzQlOUYlQzQlQjFuJUM0JUIxJTIwYmlyJTIwJUMzJUE3b2slMjBmYXJrbCVDNCVCMSUyMCVDNSU5RmVraWxkZSUyMGV0a2lsZXIuJTIwU29uJTIwYXJhJUM1JTlGdCVDNCVCMXJtYWxhcmElMjBnJUMzJUI2cmUlMjBlbXppcm1layUyMGthZCVDNCVCMW5kYSUyMEFsemhlaW1lciUyMGhhc3RhbCVDNCVCMSVDNCU5RiVDNCVCMSUyMG9sdSVDNSU5RnVtdSUyMHJpc2tpbmklMjAlMjUyMiUyMG9yYW4lQzQlQjFuZGElMjBhemFsdCVDNCVCMXlvci4=&#8221; content_align_vertical=&#8221;middle&#8221; title_text=&#8221;JUUyJTlEJTk3RW16aXJlbiUyMGFubmUlMkMlMjBBbHpoZWltZXIlMjBoYXN0YWwlQzQlQjElQzQlOUYlQzQlQjFuYSUyMHV6YWslMjBhbm5lISUyMCVGMCU5RiVBNyVBMA==&#8221; tds_food_menu1-description_color=&#8221;#212121&#8243; media_size_image_height=&#8221;640&#8243; media_size_image_width=&#8221;640&#8243; price=&#8221;%22&#x2b07;&#xfe0f;&#8221;][tdm_block_food_menu title_tag=&#8221;h3&#8243; image=&#8221;752&#8243; content_align_vertical=&#8221;middle&#8221; title_text=&#8221;QmViZSVDNCU5RmluaXolMjA2JTIwYXlsJUM0JUIxayUyMG9sZHUlQzQlOUZ1bmRhJTIwbmVsZXIlMjB5YXBhYmlsZWNlayUzRiUyMCVGMCU5RiU5MSVCNiVGMCU5RiU4RCVCQyVGMCU5RiU5MyU4OA==&#8221; tds_food_menu1-description_color=&#8221;#212121&#8243; media_size_image_height=&#8221;640&#8243; media_size_image_width=&#8221;426&#8243; description=&#8221;RGVzdGVrc2l6JTIwdmV5YSUyMCVDMyVBN29rJTIwYXolMjBkZXN0ZWtsZSUyMG90dXJhYmlsZWNlay4lMjBUZWslMjBlbGl5bGUlMjBlJUM1JTlGeWFsYXJhJTIwdXphbmFiaWxlY2VrLiUyMEUlQzUlOUZ5YWxhciVDNCVCMSUyMGJpciUyMHllcmRlbiUyMGFsJUM0JUIxcCUyMGJhJUM1JTlGa2ElMjBiaXIlMjB5ZXJlJTIwa295YWJpbGVjZWsuJTIwQW5sYW1zJUM0JUIxeiUyMHNlc2xlciUyMHZlJTIwa29udSVDNSU5Rm1hbGFyJTIweWFwYWNhayUyQyUyMHMlQzMlQjZ5bGVuZWNlay4lMjBZYWJhbmMlQzQlQjFsYXIlQzQlQjElMjBheSVDNCVCMXJ0JTIwZXRtZXllJTIwdmUlMjBvbmxhciVDNCVCMSUyMGclQzMlQjZyJUMzJUJDbmNlJTIwZW5kaSVDNSU5RmVsZW5tZXllJTIwYmElQzUlOUZsYXlhY2FrLiUyMEtlbmRpJTIwa2VuZGluZSUyMGJpciVDNSU5RmV5bGVyJTIweWl5ZWJpbGVjZWslMkMlMjBpJUMzJUE3ZWJpbGVjZWsuJTIw&#8221; price=&#8221;&#x2714;&#xfe0f;&#x2714;&#xfe0f;&#x2714;&#xfe0f;&#8221;][\/vc_column][\/vc_row][vc_row][vc_column width=&#8221;2\/3&#8243;][\/vc_column][vc_column width=&#8221;1\/3&#8243;][\/vc_column][\/vc_row][vc_row][vc_column width=&#8221;1\/1&#8243;][td_block_ad_box spot_id=&#8221;custom_ad_1&#8243; spot_title=&#8221;- Advertisement -&#8220;][\/vc_column][\/vc_row][vc_row][vc_column width=&#8221;1\/3&#8243;][\/vc_column][vc_column width=&#8221;1\/3&#8243;][\/vc_column][vc_column width=&#8221;1\/3&#8243;][\/vc_column][\/vc_row][vc_row][vc_column width=&#8221;1\/1&#8243;][tdm_block_call_to_action title_size=&#8221;tdm-title-bg&#8221; description=&#8221;QW1lcmlrYW4lMjAlQzMlODdvY3VrJTIwU2ElQzQlOUZsJUM0JUIxJUM0JTlGJUM0JUIxJTIwJUMzJTk2cmclQzMlQkN0JUMzJUJDJTIwKENoaWxkJTIwV2VsZmFyZSklMjB2ZSUyMFNhJUM0JTlGbCVDNCVCMWslMjBCYWthbmwlQzQlQjElQzQlOUYlQzQlQjElMjAlQzMlODdvY3VrJTIwQiVDMyVCQ3Jvc3UlMjAoVVNESCklMjAlMjJCZWJlayUyMGthbWVyYXMlQzQlQjElMjBpbGUlMjBkJUMzJUJDemVubGklMjBldiUyMHZlJTIwYmViZWslMjB0YWtpYmluaSUyMiUyMCVDMyVBN29jdWslMjAlQzUlOUZpZGRldGklMjB2ZSUyMGlobWFsaW5pJTIwJUMzJUI2bmxlbWVrJTIwaSVDMyVBN2luJTIwZWJldmV5bmxlcmluJTIwYWxhYmlsZWNlJUM0JTlGaSUyMGVuJTIwJUMzJUI2bmVtbGklMjB0ZWRiaXJsZXIlMjBhcmFzJUM0JUIxbmRhJTIwdnVyZ3VsYW1ha3RhZCVDNCVCMXIu&#8221; button_size=&#8221;tdm-btn-xlg&#8221; content_align_vertical=&#8221;content-vert-center&#8221; title_tag=&#8221;h1&#8243; title_text=&#8221;QmViZSVDNCU5RmUlMjAlQzUlOUVpZGRldCUyMHZlJTIwJUM0JUIwaG1hbGklMjBBayVDNCVCMWxsJUM0JUIxJTIwQmViZWslMjBLYW1lcmFzJUM0JUIxJTIwaWxlJTIwJUMzJTk2bmxleWViaWxpcnNpbml6&#8243; button_icon_position=&#8221;icon-before&#8221; content_align_horizontal=&#8221;content-horiz-left&#8221; tds_call_to_action1-description_color=&#8221;#0a0707&#8243; tds_button=&#8221;tds_button3&#8243; tds_button3-background_color=&#8221;#ef4a21&#8243; tds_button3-icon_color=&#8221;#ffffff&#8221; tds_call_to_action=&#8221;tds_call_to_action2&#8243; tds_call_to_action2-shadow_shadow_color=&#8221;#ffedf8&#8243; tds_call_to_action2-shadow_shadow_size=&#8221;15&#8243; tds_call_to_action2-description_color=&#8221;#190e04&#8243; tds_call_to_action2-shadow_shadow_offset_horizontal=&#8221;4&#8243; tds_title=&#8221;tds_title2&#8243; tds_button3-shadow_hover_shadow_color=&#8221;#ed3700&#8243; tdc_css=&#8221;eyJhbGwiOnsiZGlzcGxheSI6IiJ9fQ==&#8221; button_url=&#8221;https:\/\/invidyo.com\/vms\/shop.htm?lang=tr&#8221; button_text=&#8221;\u015eimdi \u0130ncele&#8221; tds_button3-text_color=&#8221;#efe4dc&#8221; tds_button3-border_radius=&#8221;22&#8243;][td_block_11 limit=&#8221;20&#8243; accent_text_color=&#8221;#e54810&#8243; custom_title=&#8221;Pop\u00fcler Yaz\u0131lar&#8221; f_header_font_weight=&#8221;&#8221; m10f_title_font_weight=&#8221;&#8221; m10f_title_font_transform=&#8221;&#8221; m10f_title_font_spacing=&#8221;0.4&#8243; tdc_css=&#8221;eyJhbGwiOnsic2hhZG93LXNpemUiOiIzMCIsInNoYWRvdy1jb2xvciI6IiNkYmY0ZmYiLCJzaGFkb3ctb2Zmc2V0LWgiOiI2IiwiYmFja2dyb3VuZC1jb2xvciI6IiNmZmY5ZjkiLCJkaXNwbGF5IjoiIn19&#8243;][\/vc_column][\/vc_row]\n","protected":false},"excerpt":{"rendered":"[vc_row][vc_column width=&#8221;1\/1&#8243;][td_block_trending_now sort=&#8221;random_posts&#8221; limit=&#8221;5&#8243; style=&#8221;&#8221;][\/vc_column][\/vc_row][vc_row full_width=&#8221;stretch_row_1200 td-stretch-content&#8221;][vc_column][td_block_big_grid_flex_5 meta_info_vert=&#8221;content-vert-bottom&#8221; image_zoom=&#8221;yes&#8221; show_author2=&#8221;none&#8221; show_date2=&#8221;none&#8221; modules_category=&#8221;above&#8221; overlay_general=&#8221;eyJ0eXBlIjoiZ3JhZGllbnQiLCJjb2xvcjEiOiJyZ2JhKDAsMCwwLDApIiwiY29sb3IyIjoicmdiYSgwLDAsMCwwLjcpIiwibWl4ZWRDb2xvcnMiOlt7ImNvbG9yIjoicmdiYSgwLDAsMCwwKSIsInBlcmNlbnRhZ2UiOjMxfSx7InBlcmNlbnRhZ2UiOjMzfSx7InBlcmNlbnRhZ2UiOjM2fV0sImNzcyI6ImJhY2tncm91bmQ6IC13ZWJraXQtbGluZWFyLWdyYWRpZW50KDBkZWcscmdiYSgwLDAsMCwwLjcpLHJnYmEoMCwwLDAsMCkgMzElLHJnYmEoMCwwLDAsMCkpO2JhY2tncm91bmQ6IGxpbmVhci1ncmFkaWVudCgwZGVnLHJnYmEoMCwwLDAsMC43KSxyZ2JhKDAsMCwwLDApIDMxJSxyZ2JhKDAsMCwwLDApKTsiLCJjc3NQYXJhbXMiOiIwZGVnLHJnYmEoMCwwLDAsMC43KSxyZ2JhKDAsMCwwLDApIDMxJSxyZ2JhKDAsMCwwLDApIn0=&#8221; image_height2=&#8221;eyJwaG9uZSI6IjE2NXB4IiwicG9ydHJhaXQiOiIxNzZweCIsImxhbmRzY2FwZSI6IjIzNHB4In0=&#8221; modules_gap=&#8221;eyJwaG9uZSI6IjMifQ==&#8221; meta_padding2=&#8221;eyJwaG9uZSI6IjE2cHggMTVweCAxMXB4IiwicG9ydHJhaXQiOiIxOXB4IDE4cHggMTRweCJ9&#8243; meta_padding1=&#8221;eyJwaG9uZSI6IjE1cHggMThweCIsInBvcnRyYWl0IjoiMjJweCAyMHB4In0=&#8221; cat_bg_hover=&#8221;#4db2ec&#8221;&hellip;\n","protected":false},"author":1,"featured_media":0,"parent":0,"menu_order":0,"comment_status":"open","ping_status":"closed","template":"page-pagebuilder-latest.php","meta":{"_acf_changed":false,"footnotes":""},"acf":[],"_links":{"self":[{"href":"https:\/\/invidyo.com\/blog\/wp-json\/wp\/v2\/pages\/40"}],"collection":[{"href":"https:\/\/invidyo.com\/blog\/wp-json\/wp\/v2\/pages"}],"about":[{"href":"https:\/\/invidyo.com\/blog\/wp-json\/wp\/v2\/types\/page"}],"author":[{"embeddable":true,"href":"https:\/\/invidyo.com\/blog\/wp-json\/wp\/v2\/users\/1"}],"replies":[{"embeddable":true,"href":"https:\/\/invidyo.com\/blog\/wp-json\/wp\/v2\/comments?post=40"}],"version-history":[{"count":50,"href":"https:\/\/invidyo.com\/blog\/wp-json\/wp\/v2\/pages\/40\/revisions"}],"predecessor-version":[{"id":3251,"href":"https:\/\/invidyo.com\/blog\/wp-json\/wp\/v2\/pages\/40\/revisions\/3251"}],"wp:attachment":[{"href":"https:\/\/invidyo.com\/blog\/wp-json\/wp\/v2\/media?parent=40"}],"curies":[{"name":"wp","href":"https:\/\/api.w.org\/{rel}","templated":true}]}}